{"id":16,"date":"2021-02-18T00:35:52","date_gmt":"2021-02-18T00:35:52","guid":{"rendered":"http:\/\/asaelc.com\/?page_id=16"},"modified":"2024-05-23T18:57:27","modified_gmt":"2024-05-23T18:57:27","slug":"pagina-de-registros","status":"publish","type":"page","link":"https:\/\/asaelc.com\/index.php\/pagina-de-registros\/","title":{"rendered":"Cont\u00e1ctenos"},"content":{"rendered":"\t\t<div data-elementor-type=\"wp-page\" data-elementor-id=\"16\" class=\"elementor elementor-16\" data-elementor-post-type=\"page\">\n\t\t\t\t\t\t<section data-particle_enable=\"false\" data-particle-mobile-disabled=\"false\" class=\"elementor-section elementor-top-section elementor-element elementor-element-49bd3cd7 elementor-section-height-min-height elementor-section-items-stretch elementor-section-boxed elementor-section-height-default\" data-id=\"49bd3cd7\" data-element_type=\"section\" data-settings=\"{&quot;background_background&quot;:&quot;classic&quot;,&quot;shape_divider_top&quot;:&quot;waves&quot;,&quot;shape_divider_bottom&quot;:&quot;waves&quot;,&quot;shape_divider_bottom_negative&quot;:&quot;yes&quot;}\">\n\t\t\t\t\t\t\t<div class=\"elementor-background-overlay\"><\/div>\n\t\t\t\t\t\t<div class=\"elementor-shape elementor-shape-top\" aria-hidden=\"true\" data-negative=\"false\">\n\t\t\t<svg xmlns=\"http:\/\/www.w3.org\/2000\/svg\" viewBox=\"0 0 1000 100\" preserveAspectRatio=\"none\">\n\t<path class=\"elementor-shape-fill\" d=\"M421.9,6.5c22.6-2.5,51.5,0.4,75.5,5.3c23.6,4.9,70.9,23.5,100.5,35.7c75.8,32.2,133.7,44.5,192.6,49.7\n\tc23.6,2.1,48.7,3.5,103.4-2.5c54.7-6,106.2-25.6,106.2-25.6V0H0v30.3c0,0,72,32.6,158.4,30.5c39.2-0.7,92.8-6.7,134-22.4\n\tc21.2-8.1,52.2-18.2,79.7-24.2C399.3,7.9,411.6,7.5,421.9,6.5z\"\/>\n<\/svg>\t\t<\/div>\n\t\t\t\t<div class=\"elementor-shape elementor-shape-bottom\" aria-hidden=\"true\" data-negative=\"true\">\n\t\t\t<svg xmlns=\"http:\/\/www.w3.org\/2000\/svg\" viewBox=\"0 0 1000 100\" preserveAspectRatio=\"none\">\n\t<path class=\"elementor-shape-fill\" d=\"M790.5,93.1c-59.3-5.3-116.8-18-192.6-50c-29.6-12.7-76.9-31-100.5-35.9c-23.6-4.9-52.6-7.8-75.5-5.3\n\tc-10.2,1.1-22.6,1.4-50.1,7.4c-27.2,6.3-58.2,16.6-79.4,24.7c-41.3,15.9-94.9,21.9-134,22.6C72,58.2,0,25.8,0,25.8V100h1000V65.3\n\tc0,0-51.5,19.4-106.2,25.7C839.5,97,814.1,95.2,790.5,93.1z\"\/>\n<\/svg>\t\t<\/div>\n\t\t\t\t\t<div class=\"elementor-container elementor-column-gap-default\">\n\t\t\t\t\t<div class=\"elementor-column elementor-col-100 elementor-top-column elementor-element elementor-element-bca2fdd\" data-id=\"bca2fdd\" data-element_type=\"column\">\n\t\t\t<div class=\"elementor-widget-wrap elementor-element-populated\">\n\t\t\t\t\t\t<section data-particle_enable=\"false\" data-particle-mobile-disabled=\"false\" class=\"elementor-section elementor-inner-section elementor-element elementor-element-66d3d6ed elementor-section-boxed elementor-section-height-default elementor-section-height-default\" data-id=\"66d3d6ed\" data-element_type=\"section\" data-settings=\"{&quot;background_background&quot;:&quot;classic&quot;}\">\n\t\t\t\t\t\t<div class=\"elementor-container elementor-column-gap-default\">\n\t\t\t\t\t<div class=\"elementor-column elementor-col-100 elementor-inner-column elementor-element elementor-element-1291b694\" data-id=\"1291b694\" data-element_type=\"column\" data-settings=\"{&quot;background_background&quot;:&quot;classic&quot;}\">\n\t\t\t<div class=\"elementor-widget-wrap elementor-element-populated\">\n\t\t\t\t\t\t<div class=\"elementor-element elementor-element-544ba738 elementor-widget elementor-widget-heading\" data-id=\"544ba738\" data-element_type=\"widget\" data-widget_type=\"heading.default\">\n\t\t\t\t<div class=\"elementor-widget-container\">\n\t\t\t\t\t<h1 class=\"elementor-heading-title elementor-size-default\">REGISTROS<\/h1>\t\t\t\t<\/div>\n\t\t\t\t<\/div>\n\t\t\t\t<div class=\"elementor-element elementor-element-333c5380 elementor-widget elementor-widget-heading\" data-id=\"333c5380\" data-element_type=\"widget\" data-widget_type=\"heading.default\">\n\t\t\t\t<div class=\"elementor-widget-container\">\n\t\t\t\t\t<h2 class=\"elementor-heading-title elementor-size-default\">Su mejoramiento continuo<\/h2>\t\t\t\t<\/div>\n\t\t\t\t<\/div>\n\t\t\t\t\t<\/div>\n\t\t<\/div>\n\t\t\t\t\t<\/div>\n\t\t<\/section>\n\t\t\t\t<section data-particle_enable=\"false\" data-particle-mobile-disabled=\"false\" class=\"elementor-section elementor-inner-section elementor-element elementor-element-1397d7c elementor-section-boxed elementor-section-height-default elementor-section-height-default\" data-id=\"1397d7c\" data-element_type=\"section\" data-settings=\"{&quot;background_background&quot;:&quot;classic&quot;}\">\n\t\t\t\t\t\t<div class=\"elementor-container elementor-column-gap-default\">\n\t\t\t\t\t<div class=\"elementor-column elementor-col-33 elementor-inner-column elementor-element elementor-element-2ddd9f6\" data-id=\"2ddd9f6\" data-element_type=\"column\" data-settings=\"{&quot;background_background&quot;:&quot;classic&quot;}\">\n\t\t\t<div class=\"elementor-widget-wrap elementor-element-populated\">\n\t\t\t\t\t\t<div class=\"elementor-element elementor-element-5532450 elementor-position-left elementor-view-default elementor-mobile-position-top elementor-widget elementor-widget-icon-box\" data-id=\"5532450\" data-element_type=\"widget\" data-widget_type=\"icon-box.default\">\n\t\t\t\t<div class=\"elementor-widget-container\">\n\t\t\t\t\t\t\t<div class=\"elementor-icon-box-wrapper\">\n\n\t\t\t\t\t\t<div class=\"elementor-icon-box-icon\">\n\t\t\t\t<span  class=\"elementor-icon\">\n\t\t\t\t<i aria-hidden=\"true\" class=\"fas fa-phone-alt\"><\/i>\t\t\t\t<\/span>\n\t\t\t<\/div>\n\t\t\t\n\t\t\t\t\t\t<div class=\"elementor-icon-box-content\">\n\n\t\t\t\t\t\t\t\t\t<h3 class=\"elementor-icon-box-title\">\n\t\t\t\t\t\t<span  >\n\t\t\t\t\t\t\t(+57) 315 800 9204\t\t\t\t\t\t<\/span>\n\t\t\t\t\t<\/h3>\n\t\t\t\t\n\t\t\t\t\n\t\t\t<\/div>\n\t\t\t\n\t\t<\/div>\n\t\t\t\t\t\t<\/div>\n\t\t\t\t<\/div>\n\t\t\t\t\t<\/div>\n\t\t<\/div>\n\t\t\t\t<div class=\"elementor-column elementor-col-33 elementor-inner-column elementor-element elementor-element-5ca600c\" data-id=\"5ca600c\" data-element_type=\"column\" data-settings=\"{&quot;background_background&quot;:&quot;classic&quot;}\">\n\t\t\t<div class=\"elementor-widget-wrap elementor-element-populated\">\n\t\t\t\t\t\t<div class=\"elementor-element elementor-element-299784b elementor-position-left elementor-view-default elementor-mobile-position-top elementor-widget elementor-widget-icon-box\" data-id=\"299784b\" data-element_type=\"widget\" data-widget_type=\"icon-box.default\">\n\t\t\t\t<div class=\"elementor-widget-container\">\n\t\t\t\t\t\t\t<div class=\"elementor-icon-box-wrapper\">\n\n\t\t\t\t\t\t<div class=\"elementor-icon-box-icon\">\n\t\t\t\t<span  class=\"elementor-icon\">\n\t\t\t\t<i aria-hidden=\"true\" class=\"far fa-envelope-open\"><\/i>\t\t\t\t<\/span>\n\t\t\t<\/div>\n\t\t\t\n\t\t\t\t\t\t<div class=\"elementor-icon-box-content\">\n\n\t\t\t\t\t\t\t\t\t<h3 class=\"elementor-icon-box-title\">\n\t\t\t\t\t\t<span  >\n\t\t\t\t\t\t\tpreicfes@asaelc.com\t\t\t\t\t\t<\/span>\n\t\t\t\t\t<\/h3>\n\t\t\t\t\n\t\t\t\t\n\t\t\t<\/div>\n\t\t\t\n\t\t<\/div>\n\t\t\t\t\t\t<\/div>\n\t\t\t\t<\/div>\n\t\t\t\t\t<\/div>\n\t\t<\/div>\n\t\t\t\t<div class=\"elementor-column elementor-col-33 elementor-inner-column elementor-element elementor-element-398aad1\" data-id=\"398aad1\" data-element_type=\"column\" data-settings=\"{&quot;background_background&quot;:&quot;classic&quot;}\">\n\t\t\t<div class=\"elementor-widget-wrap elementor-element-populated\">\n\t\t\t\t\t\t<div class=\"elementor-element elementor-element-4e80ed6 elementor-position-left elementor-view-default elementor-mobile-position-top elementor-widget elementor-widget-icon-box\" data-id=\"4e80ed6\" data-element_type=\"widget\" data-widget_type=\"icon-box.default\">\n\t\t\t\t<div class=\"elementor-widget-container\">\n\t\t\t\t\t\t\t<div class=\"elementor-icon-box-wrapper\">\n\n\t\t\t\t\t\t<div class=\"elementor-icon-box-icon\">\n\t\t\t\t<span  class=\"elementor-icon\">\n\t\t\t\t<i aria-hidden=\"true\" class=\"fas fa-map-marked-alt\"><\/i>\t\t\t\t<\/span>\n\t\t\t<\/div>\n\t\t\t\n\t\t\t\t\t\t<div class=\"elementor-icon-box-content\">\n\n\t\t\t\t\t\t\t\t\t<h3 class=\"elementor-icon-box-title\">\n\t\t\t\t\t\t<span  >\n\t\t\t\t\t\t\tCalle 87 No. 42B1 - 93\t\t\t\t\t\t<\/span>\n\t\t\t\t\t<\/h3>\n\t\t\t\t\n\t\t\t\t\t\t\t\t\t<p class=\"elementor-icon-box-description\">\n\t\t\t\t\t\tBarranquilla - Colombia\t\t\t\t\t<\/p>\n\t\t\t\t\n\t\t\t<\/div>\n\t\t\t\n\t\t<\/div>\n\t\t\t\t\t\t<\/div>\n\t\t\t\t<\/div>\n\t\t\t\t\t<\/div>\n\t\t<\/div>\n\t\t\t\t\t<\/div>\n\t\t<\/section>\n\t\t\t\t<div class=\"elementor-element elementor-element-705af15 elementor-button-align-end elementor-widget elementor-widget-form\" data-id=\"705af15\" data-element_type=\"widget\" data-settings=\"{&quot;step_next_label&quot;:&quot;Seguir&quot;,&quot;step_previous_label&quot;:&quot;Volver&quot;,&quot;button_width&quot;:&quot;100&quot;,&quot;step_type&quot;:&quot;number_text&quot;,&quot;step_icon_shape&quot;:&quot;circle&quot;}\" data-widget_type=\"form.default\">\n\t\t\t\t<div class=\"elementor-widget-container\">\n\t\t\t\t\t\t\t<form class=\"elementor-form\" method=\"post\" name=\"Formulario de Registro\" aria-label=\"Formulario de Registro\">\n\t\t\t<input type=\"hidden\" name=\"post_id\" value=\"16\"\/>\n\t\t\t<input type=\"hidden\" name=\"form_id\" value=\"705af15\"\/>\n\t\t\t<input type=\"hidden\" name=\"referer_title\" value=\"Cont\u00e1ctenos - Asaelc S.A.S. Icfes, preicfes, saber, Presaber, Preicfes Barranquilla, Saber Barranquilla, Asaelc, Icfes Barranquilla, PreSaber Barranquilla, Pre Saber, Pre Icfes, Atlantico, Colombia, Vacacional 2022, Colegio, Escuela, Educacion, Aprendizaje, ense\u00f1anzas, ni\u00f1os, jovenes, proyecto, proycto de vida, vida, universidad, carrera, puntaje icfes, icfes Colombia.\" \/>\n\n\t\t\t\t\t\t\t<input type=\"hidden\" name=\"queried_id\" value=\"16\"\/>\n\t\t\t\n\t\t\t<div class=\"elementor-form-fields-wrapper elementor-labels-\">\n\t\t\t\t\t\t\t\t<div class=\"elementor-field-type-text elementor-field-group elementor-column elementor-field-group-name elementor-col-50 elementor-field-required\">\n\t\t\t\t\t\t\t\t\t\t\t\t<label for=\"form-field-name\" class=\"elementor-field-label elementor-screen-only\">\n\t\t\t\t\t\t\t\tNombre:\t\t\t\t\t\t\t<\/label>\n\t\t\t\t\t\t\t\t\t\t\t\t\t\t<input size=\"1\" type=\"text\" name=\"form_fields[name]\" id=\"form-field-name\" class=\"elementor-field elementor-size-xs  elementor-field-textual\" placeholder=\"Nombre*\" required=\"required\">\n\t\t\t\t\t\t\t\t\t\t\t<\/div>\n\t\t\t\t\t\t\t\t<div class=\"elementor-field-type-text elementor-field-group elementor-column elementor-field-group-field_0da6039 elementor-col-50 elementor-field-required\">\n\t\t\t\t\t\t\t\t\t\t\t\t<label for=\"form-field-field_0da6039\" class=\"elementor-field-label elementor-screen-only\">\n\t\t\t\t\t\t\t\tApellido:\t\t\t\t\t\t\t<\/label>\n\t\t\t\t\t\t\t\t\t\t\t\t\t\t<input size=\"1\" type=\"text\" name=\"form_fields[field_0da6039]\" id=\"form-field-field_0da6039\" class=\"elementor-field elementor-size-xs  elementor-field-textual\" placeholder=\"Apellido*\" required=\"required\">\n\t\t\t\t\t\t\t\t\t\t\t<\/div>\n\t\t\t\t\t\t\t\t<div class=\"elementor-field-type-date elementor-field-group elementor-column elementor-field-group-field_e2c83eb elementor-col-25 elementor-field-required\">\n\t\t\t\t\t\t\t\t\t\t\t\t<label for=\"form-field-field_e2c83eb\" class=\"elementor-field-label elementor-screen-only\">\n\t\t\t\t\t\t\t\tEdad\t\t\t\t\t\t\t<\/label>\n\t\t\t\t\t\t\n\t\t<input type=\"date\" name=\"form_fields[field_e2c83eb]\" id=\"form-field-field_e2c83eb\" class=\"elementor-field elementor-size-xs  elementor-field-textual elementor-date-field\" placeholder=\"Edad*\" required=\"required\" pattern=\"[0-9]{4}-[0-9]{2}-[0-9]{2}\">\n\t\t\t\t\t\t<\/div>\n\t\t\t\t\t\t\t\t<div class=\"elementor-field-type-select elementor-field-group elementor-column elementor-field-group-field_29a4117 elementor-col-75 elementor-field-required\">\n\t\t\t\t\t\t\t\t\t\t\t\t<label for=\"form-field-field_29a4117\" class=\"elementor-field-label elementor-screen-only\">\n\t\t\t\t\t\t\t\tInteresado en\t\t\t\t\t\t\t<\/label>\n\t\t\t\t\t\t\t\t<div class=\"elementor-field elementor-select-wrapper remove-before \">\n\t\t\t<div class=\"select-caret-down-wrapper\">\n\t\t\t\t<i aria-hidden=\"true\" class=\"eicon-caret-down\"><\/i>\t\t\t<\/div>\n\t\t\t<select name=\"form_fields[field_29a4117]\" id=\"form-field-field_29a4117\" class=\"elementor-field-textual elementor-size-xs\" required=\"required\">\n\t\t\t\t\t\t\t\t\t<option value=\"Seleccione*\">Seleccione*<\/option>\n\t\t\t\t\t\t\t\t\t<option value=\" pro_saber11\">Saber 11\u00b0 <\/option>\n\t\t\t\t\t\t\t\t\t<option value=\" pro_saber10\">Saber 10\u00b0 <\/option>\n\t\t\t\t\t\t\t\t\t<option value=\" pro_saber9\">Saber 9\u00b0 <\/option>\n\t\t\t\t\t\t\t\t\t<option value=\" pro_saber7\">Saber 7\u00b0 <\/option>\n\t\t\t\t\t\t\t\t\t<option value=\" pro_saber5\">Saber 5\u00b0 <\/option>\n\t\t\t\t\t\t\t\t\t<option value=\" pro_saber3\">Saber 3\u00b0 <\/option>\n\t\t\t\t\t\t\t\t\t<option value=\" pro_martesdpru\">Martes de Pruebas <\/option>\n\t\t\t\t\t\t\t\t\t<option value=\" pro_simulacros\">Simularos <\/option>\n\t\t\t\t\t\t\t<\/select>\n\t\t<\/div>\n\t\t\t\t\t\t<\/div>\n\t\t\t\t\t\t\t\t<div class=\"elementor-field-type-select elementor-field-group elementor-column elementor-field-group-field_2da518e elementor-col-20 elementor-field-required\">\n\t\t\t\t\t\t\t\t\t\t\t\t<label for=\"form-field-field_2da518e\" class=\"elementor-field-label elementor-screen-only\">\n\t\t\t\t\t\t\t\tTipo de Documento\t\t\t\t\t\t\t<\/label>\n\t\t\t\t\t\t\t\t<div class=\"elementor-field elementor-select-wrapper remove-before \">\n\t\t\t<div class=\"select-caret-down-wrapper\">\n\t\t\t\t<i aria-hidden=\"true\" class=\"eicon-caret-down\"><\/i>\t\t\t<\/div>\n\t\t\t<select name=\"form_fields[field_2da518e]\" id=\"form-field-field_2da518e\" class=\"elementor-field-textual elementor-size-xs\" required=\"required\">\n\t\t\t\t\t\t\t\t\t<option value=\"Seleccione*\">Seleccione*<\/option>\n\t\t\t\t\t\t\t\t\t<option value=\" doc_cc\">C\u00e9dula Ciudadan\u00eda <\/option>\n\t\t\t\t\t\t\t\t\t<option value=\" doc_ce\">C\u00e9dula Extranjer\u00eda <\/option>\n\t\t\t\t\t\t\t\t\t<option value=\" doc_ti\">Tarjeta de Identidad <\/option>\n\t\t\t\t\t\t\t\t\t<option value=\" doc_pas\">Pasaporte <\/option>\n\t\t\t\t\t\t\t<\/select>\n\t\t<\/div>\n\t\t\t\t\t\t<\/div>\n\t\t\t\t\t\t\t\t<div class=\"elementor-field-type-text elementor-field-group elementor-column elementor-field-group-field_6df9247 elementor-col-40 elementor-field-required\">\n\t\t\t\t\t\t\t\t\t\t\t\t<label for=\"form-field-field_6df9247\" class=\"elementor-field-label elementor-screen-only\">\n\t\t\t\t\t\t\t\tNo. Documento\t\t\t\t\t\t\t<\/label>\n\t\t\t\t\t\t\t\t\t\t\t\t\t\t<input size=\"1\" type=\"text\" name=\"form_fields[field_6df9247]\" id=\"form-field-field_6df9247\" class=\"elementor-field elementor-size-xs  elementor-field-textual\" placeholder=\"No. Documento*\" required=\"required\">\n\t\t\t\t\t\t\t\t\t\t\t<\/div>\n\t\t\t\t\t\t\t\t<div class=\"elementor-field-type-tel elementor-field-group elementor-column elementor-field-group-field_366cd01 elementor-col-40\">\n\t\t\t\t\t\t\t\t\t\t\t\t<label for=\"form-field-field_366cd01\" class=\"elementor-field-label elementor-screen-only\">\n\t\t\t\t\t\t\t\tTel\u00e9fono de Contacto\t\t\t\t\t\t\t<\/label>\n\t\t\t\t\t\t\t\t<input size=\"1\" type=\"tel\" name=\"form_fields[field_366cd01]\" id=\"form-field-field_366cd01\" class=\"elementor-field elementor-size-xs  elementor-field-textual\" placeholder=\"Tel\u00e9fono de Contacto*\" pattern=\"[0-9()#&amp;+*-=.]+\" title=\"Only numbers and phone characters (#, -, *, etc) are accepted.\">\n\n\t\t\t\t\t\t<\/div>\n\t\t\t\t\t\t\t\t<div class=\"elementor-field-type-text elementor-field-group elementor-column elementor-field-group-field_8ad9533 elementor-col-50\">\n\t\t\t\t\t\t\t\t\t\t\t\t<label for=\"form-field-field_8ad9533\" class=\"elementor-field-label elementor-screen-only\">\n\t\t\t\t\t\t\t\tE-mail\t\t\t\t\t\t\t<\/label>\n\t\t\t\t\t\t\t\t\t\t\t\t\t\t<input size=\"1\" type=\"text\" name=\"form_fields[field_8ad9533]\" id=\"form-field-field_8ad9533\" class=\"elementor-field elementor-size-xs  elementor-field-textual\" placeholder=\"E-mail*\">\n\t\t\t\t\t\t\t\t\t\t\t<\/div>\n\t\t\t\t\t\t\t\t<div class=\"elementor-field-type-text elementor-field-group elementor-column elementor-field-group-field_5d1ae80 elementor-col-50\">\n\t\t\t\t\t\t\t\t\t\t\t\t<label for=\"form-field-field_5d1ae80\" class=\"elementor-field-label elementor-screen-only\">\n\t\t\t\t\t\t\t\tDirecci\u00f3n:\t\t\t\t\t\t\t<\/label>\n\t\t\t\t\t\t\t\t\t\t\t\t\t\t<input size=\"1\" type=\"text\" name=\"form_fields[field_5d1ae80]\" id=\"form-field-field_5d1ae80\" class=\"elementor-field elementor-size-xs  elementor-field-textual\" placeholder=\"Direcci\u00f3n*\">\n\t\t\t\t\t\t\t\t\t\t\t<\/div>\n\t\t\t\t\t\t\t\t<div class=\"elementor-field-type-text elementor-field-group elementor-column elementor-field-group-field_baf6a70 elementor-col-40\">\n\t\t\t\t\t\t\t\t\t\t\t\t<label for=\"form-field-field_baf6a70\" class=\"elementor-field-label elementor-screen-only\">\n\t\t\t\t\t\t\t\tCiudad:\t\t\t\t\t\t\t<\/label>\n\t\t\t\t\t\t\t\t\t\t\t\t\t\t<input size=\"1\" type=\"text\" name=\"form_fields[field_baf6a70]\" id=\"form-field-field_baf6a70\" class=\"elementor-field elementor-size-xs  elementor-field-textual\" placeholder=\"Ciudad*\">\n\t\t\t\t\t\t\t\t\t\t\t<\/div>\n\t\t\t\t\t\t\t\t<div class=\"elementor-field-type-text elementor-field-group elementor-column elementor-field-group-field_b83659a elementor-col-60 elementor-field-required\">\n\t\t\t\t\t\t\t\t\t\t\t\t<label for=\"form-field-field_b83659a\" class=\"elementor-field-label elementor-screen-only\">\n\t\t\t\t\t\t\t\tNombre Colegio\t\t\t\t\t\t\t<\/label>\n\t\t\t\t\t\t\t\t\t\t\t\t\t\t<input size=\"1\" type=\"text\" name=\"form_fields[field_b83659a]\" id=\"form-field-field_b83659a\" class=\"elementor-field elementor-size-xs  elementor-field-textual\" placeholder=\"Nombre del Colegio*\" required=\"required\">\n\t\t\t\t\t\t\t\t\t\t\t<\/div>\n\t\t\t\t\t\t\t\t<div class=\"elementor-field-type-checkbox elementor-field-group elementor-column elementor-field-group-field_f8cda6c elementor-col-100\">\n\t\t\t\t\t\t\t\t\t\t\t\t<label for=\"form-field-field_f8cda6c\" class=\"elementor-field-label elementor-screen-only\">\n\t\t\t\t\t\t\t\tAcepto politicas\t\t\t\t\t\t\t<\/label>\n\t\t\t\t\t\t<div class=\"elementor-field-subgroup  elementor-subgroup-inline\"><span class=\"elementor-field-option\"><input type=\"checkbox\" value=\"Declaro que soy mayor de edad o en su defecto que me encuentro y he diligenciado este formulario en compa\u00f1\u00eda de mi acudiente. Acepto y autorizo la Pol\u00edtica de protecci\u00f3n de datos.\" id=\"form-field-field_f8cda6c-0\" name=\"form_fields[field_f8cda6c]\"> <label for=\"form-field-field_f8cda6c-0\">Declaro que soy mayor de edad o en su defecto que me encuentro y he diligenciado este formulario en compa\u00f1\u00eda de mi acudiente. Acepto y autorizo la Pol\u00edtica de protecci\u00f3n de datos.<\/label><\/span><\/div>\t\t\t\t<\/div>\n\t\t\t\t\t\t\t\t<div class=\"elementor-field-group elementor-column elementor-field-type-submit elementor-col-100 e-form__buttons\">\n\t\t\t\t\t<button class=\"elementor-button elementor-size-sm elementor-animation-pulse\" type=\"submit\">\n\t\t\t\t\t\t<span class=\"elementor-button-content-wrapper\">\n\t\t\t\t\t\t\t\t\t\t\t\t\t\t\t\t\t\t\t\t\t\t<span class=\"elementor-button-text\">Enviar<\/span>\n\t\t\t\t\t\t\t\t\t\t\t\t\t<\/span>\n\t\t\t\t\t<\/button>\n\t\t\t\t<\/div>\n\t\t\t<\/div>\n\t\t<\/form>\n\t\t\t\t\t\t<\/div>\n\t\t\t\t<\/div>\n\t\t\t\t<div class=\"elementor-element elementor-element-60921bd elementor-widget elementor-widget-spacer\" data-id=\"60921bd\" data-element_type=\"widget\" data-widget_type=\"spacer.default\">\n\t\t\t\t<div class=\"elementor-widget-container\">\n\t\t\t\t\t\t\t<div class=\"elementor-spacer\">\n\t\t\t<div class=\"elementor-spacer-inner\"><\/div>\n\t\t<\/div>\n\t\t\t\t\t\t<\/div>\n\t\t\t\t<\/div>\n\t\t\t\t<div class=\"elementor-element elementor-element-24b695b elementor-widget elementor-widget-text-editor\" data-id=\"24b695b\" data-element_type=\"widget\" data-widget_type=\"text-editor.default\">\n\t\t\t\t<div class=\"elementor-widget-container\">\n\t\t\t\t\t\t\t\t\t<p>Pol\u00edtica de <a href=\"https:\/\/asaelc.com\/index.php\/proteccion-de-datos\/\" target=\"_blank\" rel=\"noopener\">protecci\u00f3n de datos<\/a>.\u00a0<\/p>\t\t\t\t\t\t\t\t<\/div>\n\t\t\t\t<\/div>\n\t\t\t\t\t<\/div>\n\t\t<\/div>\n\t\t\t\t\t<\/div>\n\t\t<\/section>\n\t\t\t\t<\/div>\n\t\t","protected":false},"excerpt":{"rendered":"<p>REGISTROS Su mejoramiento continuo (+57) 315 800 9204 preicfes@asaelc.com Calle 87 No. 42B1 &#8211; 93 Barranquilla &#8211; Colombia Pol\u00edtica de protecci\u00f3n de datos.\u00a0<\/p>\n","protected":false},"author":1,"featured_media":0,"parent":0,"menu_order":0,"comment_status":"closed","ping_status":"closed","template":"","meta":{"footnotes":""},"class_list":["post-16","page","type-page","status-publish","hentry"],"yoast_head":"<!-- This site is optimized with the Yoast SEO Premium plugin v15.3 - https:\/\/yoast.com\/wordpress\/plugins\/seo\/ -->\n<title>Cont\u00e1ctenos - Asaelc S.A.S. Icfes, preicfes, saber, Presaber, Preicfes Barranquilla, Saber Barranquilla, Asaelc, Icfes Barranquilla, PreSaber Barranquilla, Pre Saber, Pre Icfes, Atlantico, Colombia, Vacacional 2022, Colegio, Escuela, Educacion, Aprendizaje, ense\u00f1anzas, ni\u00f1os, jovenes, proyecto, proycto de vida, vida, universidad, carrera, puntaje icfes, icfes Colombia.<\/title>\n<meta name=\"description\" content=\"Icfes, preicfes, saber, Presaber, Preicfes Barranquilla, Saber Barranquilla, Asaelc, Icfes Barranquilla, PreSaber Barranquilla, Pre Saber, Pre Icfes, Atlantico, Colombia, Vacacional 2022, Colegio, Escuela, Educacion, Aprendizaje, ense\u00f1anzas, ni\u00f1os, jovenes, proyecto, proycto de vida, vida, universidad, carrera, puntaje icfes, icfes Colombia.\" \/>\n<meta name=\"robots\" content=\"index, follow, max-snippet:-1, max-image-preview:large, max-video-preview:-1\" \/>\n<link rel=\"canonical\" href=\"https:\/\/asaelc.com\/index.php\/pagina-de-registros\/\" \/>\n<meta property=\"og:locale\" content=\"es_ES\" \/>\n<meta property=\"og:type\" content=\"article\" \/>\n<meta property=\"og:title\" content=\"Cont\u00e1ctenos - Asaelc S.A.S. Icfes, preicfes, saber, Presaber, Preicfes Barranquilla, Saber Barranquilla, Asaelc, Icfes Barranquilla, PreSaber Barranquilla, Pre Saber, Pre Icfes, Atlantico, Colombia, Vacacional 2022, Colegio, Escuela, Educacion, Aprendizaje, ense\u00f1anzas, ni\u00f1os, jovenes, proyecto, proycto de vida, vida, universidad, carrera, puntaje icfes, icfes Colombia.\" \/>\n<meta property=\"og:description\" content=\"Icfes, preicfes, saber, Presaber, Preicfes Barranquilla, Saber Barranquilla, Asaelc, Icfes Barranquilla, PreSaber Barranquilla, Pre Saber, Pre Icfes, Atlantico, Colombia, Vacacional 2022, Colegio, Escuela, Educacion, Aprendizaje, ense\u00f1anzas, ni\u00f1os, jovenes, proyecto, proycto de vida, vida, universidad, carrera, puntaje icfes, icfes Colombia.\" \/>\n<meta property=\"og:url\" content=\"https:\/\/asaelc.com\/index.php\/pagina-de-registros\/\" \/>\n<meta property=\"og:site_name\" content=\"Asaelc S.A.S.\" \/>\n<meta property=\"article:publisher\" content=\"https:\/\/www.facebook.com\/asaelcasesorias\" \/>\n<meta property=\"article:modified_time\" content=\"2024-05-23T18:57:27+00:00\" \/>\n<meta name=\"twitter:card\" content=\"summary_large_image\" \/>\n<meta name=\"twitter:label1\" content=\"Escrito por\">\n\t<meta name=\"twitter:data1\" content=\"Asaelc\">\n\t<meta name=\"twitter:label2\" content=\"Tiempo de lectura\">\n\t<meta name=\"twitter:data2\" content=\"0 minutos\">\n<script type=\"application\/ld+json\" class=\"yoast-schema-graph\">{\"@context\":\"https:\/\/schema.org\",\"@graph\":[{\"@type\":\"Organization\",\"@id\":\"https:\/\/asaelc.com\/#organization\",\"name\":\"Asaelc\",\"url\":\"https:\/\/asaelc.com\/\",\"sameAs\":[\"https:\/\/www.facebook.com\/asaelcasesorias\",\"https:\/\/www.instagram.com\/asaelc.co\/\"],\"logo\":{\"@type\":\"ImageObject\",\"@id\":\"https:\/\/asaelc.com\/#logo\",\"inLanguage\":\"es\",\"url\":\"https:\/\/asaelc.com\/wp-content\/uploads\/2021\/02\/LOGO-ASAELC.png\",\"width\":1263,\"height\":465,\"caption\":\"Asaelc\"},\"image\":{\"@id\":\"https:\/\/asaelc.com\/#logo\"}},{\"@type\":\"WebSite\",\"@id\":\"https:\/\/asaelc.com\/#website\",\"url\":\"https:\/\/asaelc.com\/\",\"name\":\"Asaelc S.A.S.\",\"description\":\"Proy\\u00e9ctate con Asaelc\",\"publisher\":{\"@id\":\"https:\/\/asaelc.com\/#organization\"},\"potentialAction\":[{\"@type\":\"SearchAction\",\"target\":\"https:\/\/asaelc.com\/?s={search_term_string}\",\"query-input\":\"required name=search_term_string\"}],\"inLanguage\":\"es\"},{\"@type\":\"WebPage\",\"@id\":\"https:\/\/asaelc.com\/index.php\/pagina-de-registros\/#webpage\",\"url\":\"https:\/\/asaelc.com\/index.php\/pagina-de-registros\/\",\"name\":\"Cont\\u00e1ctenos - Asaelc S.A.S. Icfes, preicfes, saber, Presaber, Preicfes Barranquilla, Saber Barranquilla, Asaelc, Icfes Barranquilla, PreSaber Barranquilla, Pre Saber, Pre Icfes, Atlantico, Colombia, Vacacional 2022, Colegio, Escuela, Educacion, Aprendizaje, ense\\u00f1anzas, ni\\u00f1os, jovenes, proyecto, proycto de vida, vida, universidad, carrera, puntaje icfes, icfes Colombia.\",\"isPartOf\":{\"@id\":\"https:\/\/asaelc.com\/#website\"},\"datePublished\":\"2021-02-18T00:35:52+00:00\",\"dateModified\":\"2024-05-23T18:57:27+00:00\",\"description\":\"Icfes, preicfes, saber, Presaber, Preicfes Barranquilla, Saber Barranquilla, Asaelc, Icfes Barranquilla, PreSaber Barranquilla, Pre Saber, Pre Icfes, Atlantico, Colombia, Vacacional 2022, Colegio, Escuela, Educacion, Aprendizaje, ense\\u00f1anzas, ni\\u00f1os, jovenes, proyecto, proycto de vida, vida, universidad, carrera, puntaje icfes, icfes Colombia.\",\"inLanguage\":\"es\",\"potentialAction\":[{\"@type\":\"ReadAction\",\"target\":[\"https:\/\/asaelc.com\/index.php\/pagina-de-registros\/\"]}]}]}<\/script>\n<!-- \/ Yoast SEO Premium plugin. -->","_links":{"self":[{"href":"https:\/\/asaelc.com\/index.php\/wp-json\/wp\/v2\/pages\/16","targetHints":{"allow":["GET"]}}],"collection":[{"href":"https:\/\/asaelc.com\/index.php\/wp-json\/wp\/v2\/pages"}],"about":[{"href":"https:\/\/asaelc.com\/index.php\/wp-json\/wp\/v2\/types\/page"}],"author":[{"embeddable":true,"href":"https:\/\/asaelc.com\/index.php\/wp-json\/wp\/v2\/users\/1"}],"replies":[{"embeddable":true,"href":"https:\/\/asaelc.com\/index.php\/wp-json\/wp\/v2\/comments?post=16"}],"version-history":[{"count":39,"href":"https:\/\/asaelc.com\/index.php\/wp-json\/wp\/v2\/pages\/16\/revisions"}],"predecessor-version":[{"id":465,"href":"https:\/\/asaelc.com\/index.php\/wp-json\/wp\/v2\/pages\/16\/revisions\/465"}],"wp:attachment":[{"href":"https:\/\/asaelc.com\/index.php\/wp-json\/wp\/v2\/media?parent=16"}],"curies":[{"name":"wp","href":"https:\/\/api.w.org\/{rel}","templated":true}]}}